{"id":42833,"date":"2020-08-19T11:32:27","date_gmt":"2020-08-19T08:32:27","guid":{"rendered":"https:\/\/crazy-dcustoms.com\/about-us\/"},"modified":"2026-03-13T14:31:29","modified_gmt":"2026-03-13T11:31:29","slug":"about-us","status":"publish","type":"page","link":"https:\/\/crazy-dcustoms.com\/de\/about-us\/","title":{"rendered":"\u00dcber uns"},"content":{"rendered":"\t\t<div data-elementor-type=\"wp-page\" data-elementor-id=\"42833\" class=\"elementor elementor-42833 elementor-11740\" data-elementor-post-type=\"page\">\n\t\t\t\t\t\t<section class=\"elementor-section elementor-top-section elementor-element elementor-element-3390948 elementor-section-boxed elementor-section-height-default elementor-section-height-default sc_fly_static\" data-id=\"3390948\" data-element_type=\"section\" data-e-type=\"section\">\n\t\t\t\t\t\t<div class=\"elementor-container elementor-column-gap-extended\">\n\t\t\t\t\t<div class=\"elementor-column elementor-col-100 elementor-top-column elementor-element elementor-element-d6f207d sc_content_align_inherit sc_layouts_column_icons_position_left sc_fly_static\" data-id=\"d6f207d\" data-element_type=\"column\" data-e-type=\"column\">\n\t\t\t<div class=\"elementor-widget-wrap elementor-element-populated\">\n\t\t\t\t\t\t<div class=\"elementor-element elementor-element-797e8fb sc_fly_static elementor-widget elementor-widget-spacer\" data-id=\"797e8fb\" data-element_type=\"widget\" data-e-type=\"widget\" data-widget_type=\"spacer.default\">\n\t\t\t\t<div class=\"elementor-widget-container\">\n\t\t\t\t\t\t\t<div class=\"elementor-spacer\">\n\t\t\t<div class=\"elementor-spacer-inner\"><\/div>\n\t\t<\/div>\n\t\t\t\t\t\t<\/div>\n\t\t\t\t<\/div>\n\t\t\t\t<div class=\"elementor-element elementor-element-f3d1247 sc_fly_static elementor-widget elementor-widget-text-editor\" data-id=\"f3d1247\" data-element_type=\"widget\" data-e-type=\"widget\" data-widget_type=\"text-editor.default\">\n\t\t\t\t<div class=\"elementor-widget-container\">\n\t\t\t\t\t\t\t\t\t<h1><strong>Innovatives Premium-Autotuning aus der Ukraine.<\/strong><\/h1>\nCrazy D Customs ist spezialisiert auf die Erschaffung einzigartiger Fahrzeuge, die Designkunst, Leistung und modernste Technologien vereinen. Wir arbeiten f\u00fcr Kunden, die nach Individualit\u00e4t streben, und bieten L\u00f6sungen, die ihrem Stil, ihren Bed\u00fcrfnissen und den h\u00f6chsten Qualit\u00e4tsstandards entsprechen. Unsere Experten verwandeln Automobile in Kunstwerke, die den Charakter und die Pers\u00f6nlichkeit ihrer Besitzer harmonisch widerspiegeln.\n\n<h3>\u00dcber uns<\/h3>\nCrazy D Customs ist ein Expertenteam, das Fahrzeuge in weit mehr als nur ein Transportmittel verwandelt. Wir nutzen fortschrittliche Materialien, innovative Technologien und handwerkliche Meisterschaft, um Automobile zu kreieren, die h\u00f6chsten globalen Standards gerecht werden. Das in der Ukraine gegr\u00fcndete Unternehmen ist stolz darauf, lokale Fertigungstraditionen mit Innovationen zu verbinden, die Kunden weltweit begeistern.\n\n<h3>Unsere Mission<\/h3>\nWir erschaffen Fahrzeuge, die nicht nur beeindruckend aussehen, sondern ein einzigartiges Erlebnis bieten. Unsere Mission ist es, unseren Kunden L\u00f6sungen zu pr\u00e4sentieren, die ihre Erwartungen \u00fcbertreffen, und Tuning anzubieten, das innovativ, zuverl\u00e4ssig und langlebig ist.\t\t\t\t\t\t\t\t<\/div>\n\t\t\t\t<\/div>\n\t\t\t\t<div class=\"elementor-element elementor-element-e01aa23 sc_fly_static elementor-widget elementor-widget-spacer\" data-id=\"e01aa23\" data-element_type=\"widget\" data-e-type=\"widget\" data-widget_type=\"spacer.default\">\n\t\t\t\t<div class=\"elementor-widget-container\">\n\t\t\t\t\t\t\t<div class=\"elementor-spacer\">\n\t\t\t<div class=\"elementor-spacer-inner\"><\/div>\n\t\t<\/div>\n\t\t\t\t\t\t<\/div>\n\t\t\t\t<\/div>\n\t\t\t\t\t<\/div>\n\t\t<\/div>\n\t\t\t\t\t<\/div>\n\t\t<\/section>\n\t\t\t\t<\/div>\n\t\t","protected":false},"excerpt":{"rendered":"<p>Innovatives Premium-Autotuning aus der Ukraine. Crazy D Customs ist spezialisiert auf die Erschaffung einzigartiger Fahrzeuge, die Designkunst, Leistung und modernste Technologien vereinen. Wir arbeiten f\u00fcr Kunden, die nach Individualit\u00e4t streben,&hellip;<\/p>\n","protected":false},"author":1,"featured_media":0,"parent":0,"menu_order":0,"comment_status":"closed","ping_status":"closed","template":"","meta":{"inline_featured_image":false,"footnotes":""},"class_list":["post-42833","page","type-page","status-publish","hentry"],"_hostinger_reach_plugin_has_subscription_block":false,"_hostinger_reach_plugin_is_elementor":false,"_links":{"self":[{"href":"https:\/\/crazy-dcustoms.com\/de\/wp-json\/wp\/v2\/pages\/42833","targetHints":{"allow":["GET"]}}],"collection":[{"href":"https:\/\/crazy-dcustoms.com\/de\/wp-json\/wp\/v2\/pages"}],"about":[{"href":"https:\/\/crazy-dcustoms.com\/de\/wp-json\/wp\/v2\/types\/page"}],"author":[{"embeddable":true,"href":"https:\/\/crazy-dcustoms.com\/de\/wp-json\/wp\/v2\/users\/1"}],"replies":[{"embeddable":true,"href":"https:\/\/crazy-dcustoms.com\/de\/wp-json\/wp\/v2\/comments?post=42833"}],"version-history":[{"count":4,"href":"https:\/\/crazy-dcustoms.com\/de\/wp-json\/wp\/v2\/pages\/42833\/revisions"}],"predecessor-version":[{"id":42842,"href":"https:\/\/crazy-dcustoms.com\/de\/wp-json\/wp\/v2\/pages\/42833\/revisions\/42842"}],"wp:attachment":[{"href":"https:\/\/crazy-dcustoms.com\/de\/wp-json\/wp\/v2\/media?parent=42833"}],"curies":[{"name":"wp","href":"https:\/\/api.w.org\/{rel}","templated":true}]}}